{"id":8,"date":"2017-07-01T11:45:46","date_gmt":"2017-07-01T11:45:46","guid":{"rendered":"http:\/\/save-your-life.com\/?page_id=8"},"modified":"2017-09-28T15:01:57","modified_gmt":"2017-09-28T15:01:57","slug":"ueber-mich","status":"publish","type":"page","link":"https:\/\/save-your-life.com\/es\/ueber-mich","title":{"rendered":"Sobre m\u00ed"},"content":{"rendered":"<p>\u00a1Hola a todos!<br \/>\nSoy Javier Castro y &#8230; \u00abcrazy\u00bb<\/p>\n<p>De joven tuve que lidiar con bastantes momentos dif\u00edciles en mi vida.<br \/>\nAlgunas veces tuve la suerte o el instinto para no involucrarme en peleas.<br \/>\nLa decisi\u00f3n de rehusar pelear era lo correcto pero, no obstante segu\u00eda siendo dolorosa y humillante.<br \/>\nTen\u00eda bastante claro que deber\u00eda estar mejor preparado en el futuro.<\/p>\n<p>Despu\u00e9s de probar deportes de contacto tanto occidentales como orientales entr\u00e9 en contacto con las artes marciales chinas. Yo era esc\u00e9ptico, debido a lo nombres fant\u00e1sticos y a los movimientos abstractos; pero conforme iba dedicandome m\u00e1s y m\u00e1s a su estudio descubr\u00ed explicaciones b\u00e1sicas y realistas sobre el arte de la lucha.<br \/>\nAl final, encontr\u00e9 verdaderos maestros, que me mostraron de forma revolucionar\u00eda c\u00f3mo luchar.<\/p>\n<p>El m\u00e9todo de ense\u00f1anza de la lucha cient\u00edfico, anal\u00edtico y realista era mucho m\u00e1s que simplemente golpear el saco.<br \/>\nGracias al aprendizaje \u00abintelectual\u00bb consegu\u00ed una mayor comprensi\u00f3n del arte de la lucha, y \u00e9sto tuvo un gran efecto en\u00a0 todos los \u00e1mbitos de mi vida.<br \/>\nDesde ese preciso momento, visit\u00e9 varias escuelas de lucha, gimnasios y maestros, b\u00e1sicamente era \u00abensayo y error\u00bb.<br \/>\nCon los a\u00f1os volv\u00ed a aquellos maestros, que fueron una influenc\u00eda permanente y duradera en mi entendimiento de la lucha.<\/p>\n<p>Los esfuerzos para adquirir esas lecci\u00f3nes fueron una locura &#8211; no s\u00f3lo por la energ\u00eda que requer\u00edan los entrenamientos sino<br \/>\ntambi\u00e9n porque , tanto los viajes como los costes monetarios fueron demasiado grandes. Adem\u00e1s, no todos los viajes merecieron el<br \/>\ndesembolso ni el esfuerzo; sin embargo, al final, el balance ha sido positivo y me ha llevado a mi propio sistema de lucha, que funciona<br \/>\nbajo los principios y las realidades universales de la lucha.<\/p>\n<p>Aquellos que quieran aprovechar mi experiencia y conocimento est\u00e1n invitados a contactar conmigo. Pero, atenci\u00f3n, \u00e9ste conocimiento no est\u00e1 a disposici\u00f3n de aquellos de quien queremos protegernos.<\/p>","protected":false},"excerpt":{"rendered":"<p>\u00a1Hola a todos! Soy Javier Castro y &#8230; \u00abcrazy\u00bb De joven tuve que lidiar con bastantes momentos dif\u00edciles en mi vida. Algunas veces tuve la suerte o el instinto para no involucrarme en peleas. La decisi\u00f3n de rehusar pelear era lo correcto pero, no obstante segu\u00eda siendo dolorosa y humillante. Ten\u00eda bastante claro que deber\u00eda &hellip; <\/p>\n<p class=\"link-more\"><a href=\"https:\/\/save-your-life.com\/es\/ueber-mich\" class=\"more-link\">Continuar leyendo<span class=\"screen-reader-text\"> \u00abSobre m\u00ed\u00bb<\/span><\/a><\/p>\n","protected":false},"author":1,"featured_media":46,"parent":0,"menu_order":0,"comment_status":"closed","ping_status":"closed","template":"","meta":{"ngg_post_thumbnail":0},"_links":{"self":[{"href":"https:\/\/save-your-life.com\/es\/wp-json\/wp\/v2\/pages\/8"}],"collection":[{"href":"https:\/\/save-your-life.com\/es\/wp-json\/wp\/v2\/pages"}],"about":[{"href":"https:\/\/save-your-life.com\/es\/wp-json\/wp\/v2\/types\/page"}],"author":[{"embeddable":true,"href":"https:\/\/save-your-life.com\/es\/wp-json\/wp\/v2\/users\/1"}],"replies":[{"embeddable":true,"href":"https:\/\/save-your-life.com\/es\/wp-json\/wp\/v2\/comments?post=8"}],"version-history":[{"count":32,"href":"https:\/\/save-your-life.com\/es\/wp-json\/wp\/v2\/pages\/8\/revisions"}],"predecessor-version":[{"id":155,"href":"https:\/\/save-your-life.com\/es\/wp-json\/wp\/v2\/pages\/8\/revisions\/155"}],"wp:featuredmedia":[{"embeddable":true,"href":"https:\/\/save-your-life.com\/es\/wp-json\/wp\/v2\/media\/46"}],"wp:attachment":[{"href":"https:\/\/save-your-life.com\/es\/wp-json\/wp\/v2\/media?parent=8"}],"curies":[{"name":"wp","href":"https:\/\/api.w.org\/{rel}","templated":true}]}}