{"id":186,"date":"2018-05-12T08:28:23","date_gmt":"2018-05-12T08:28:23","guid":{"rendered":"http:\/\/save-your-life.com\/?page_id=186"},"modified":"2018-05-12T08:28:23","modified_gmt":"2018-05-12T08:28:23","slug":"datenschutz","status":"publish","type":"page","link":"https:\/\/save-your-life.com\/es\/datenschutz","title":{"rendered":"Intimidad"},"content":{"rendered":"<p class=\"qtranxs-available-languages-message qtranxs-available-languages-message-es\">Hello, due to technical reasons we do not have any translation. We are working hard to change this situation.<\/p><p><\/p>\n<h1><strong>Datenschutzerkl\u00e4rung<\/strong><\/h1>\n<p>Daten werden auf dieser Website ausschlie\u00dflich im Rahmen der Bestimmungen des Datenschutzrechts der Bundesrepublik Deutschland erhoben und verwendet.&nbsp; Die Art, der Umfang, Zweck und Verwendung dieser personenbezogenen Daten wird Ihnen im Folgenden mitgeteilt.<\/p>\n<p>Diese Unterrichtung k\u00f6nnen Sie jederzeit auf unserer Website abrufen. Sie wird von uns gepflegt und erg\u00e4nzt, sobald sich etwas auf unserer Website \u00e4ndert.<\/p>\n<h1><span style=\"color: #999999;\"><strong>1. Datenschutz auf einen Blick<\/strong><\/span><\/h1>\n<p>&nbsp;<\/p>\n<h2><span style=\"color: #808080;\"><strong>Allgemeine Hinweise <\/strong><\/span><\/h2>\n<p>Die folgenden Hinweise geben einen einfachen \u00dcberblick dar\u00fcber, was mit Ihren personenbezogenen Daten passiert, wenn Sie unsere Website besuchen. Personenbezogene Daten sind alle Daten, mit denen Sie pers\u00f6nlich identifiziert werden k\u00f6nnen. Ausf\u00fchrliche Informationen zum Thema Datenschutz entnehmen Sie unserer unter diesem Text aufgef\u00fchrten Datenschutzerkl\u00e4rung.<\/p>\n<p>&nbsp;<\/p>\n<h1><strong>Datenerfassung auf unserer Website<\/strong><\/h1>\n<h2><strong><span style=\"color: #808080;\">Wer ist verantwortlich f\u00fcr die Datenerfassung auf dieser Website?<\/span><\/strong><\/h2>\n<p>Die Datenverarbeitung auf dieser Website erfolgt durch den&nbsp;<strong>CCC Castro Combat Club<\/strong>. Unsere Kontaktdaten k\u00f6nnen Sie dem Impressum dieser Website entnehmen.<\/p>\n<h2><strong><span style=\"color: #808080;\">Wie erfassen wir Ihre Daten?<\/span><\/strong><\/h2>\n<p>Ihre Daten werden zum einen dadurch erhoben, dass Sie uns diese mitteilen.<br \/>\nHierbei kann es sich z.B. um Daten handeln, die Sie in ein Kontaktformular<br \/>\neingeben. Andere Daten werden automatisch beim Besuch der Website durch unsere ITSysteme erfasst. Das sind vor allem technische Daten (z.B. Internetbrowser, Betriebssystem oder Uhrzeit des Seitenaufrufs). Die Erfassung dieser Daten erfolgt automatisch, sobald Sie unsere Website betreten.<\/p>\n<h2><strong><span style=\"color: #808080;\">Wof\u00fcr nutzen wir Ihre Daten?<\/span><\/strong><\/h2>\n<p>Ein Teil der Daten wird erhoben, um eine fehlerfreie Bereitstellung der Website<br \/>\nzu gew\u00e4hrleisten. Andere Daten k\u00f6nnen zur Analyse Ihres Nutzerverhaltens<br \/>\nverwendet werden.<\/p>\n<p>&nbsp;<\/p>\n<h2><strong>Welche Rechte haben Sie bez\u00fcglich Ihrer Daten?<\/strong><\/h2>\n<p>Sie haben jederzeit das Recht unentgeltlich Auskunft \u00fcber Herkunft, Empf\u00e4nger und Zweck Ihrer gespeicherten personenbezogenen Daten zu erhalten. Sie haben au\u00dferdem ein Recht, die Berichtigung, Sperrung oder L\u00f6schung dieser Daten zu verlangen. Hierzu sowie zu weiteren Fragen zum Thema Datenschutz k\u00f6nnen Sie sich jederzeit unter der im Impressum angegebenen Adresse an uns wenden. Des Weiteren steht Ihnen ein Beschwerderecht bei der zust\u00e4ndigen Aufsichtsbeh\u00f6rde zu.<\/p>\n<p>&nbsp;<\/p>\n<h2><strong>Analyse-Tools und Tools von Drittanbietern<\/strong><\/h2>\n<p>Beim Besuch unserer Website kann Ihr Surf-Verhalten statistisch ausgewertet werden. Das geschieht vor allem mit Cookies und mit sogenannten Analyseprogrammen. Die Analyse Ihres Surf-Verhaltens erfolgt in der Regel anonym; das Surf-Verhalten kann nicht zu Ihnen zur\u00fcckverfolgt werden. Sie k\u00f6nnen dieser Analyse widersprechen oder sie durch die Nichtbenutzung bestimmter Tools verhindern. Details hierzu entnehmen Sie unserer Datenschutzerkl\u00e4rung unter der \u00dcberschrift \u201cDrittmodule und Analysetools\u201d. Sie k\u00f6nnen dieser Analyse widersprechen. \u00dcber die Widerspruchsm\u00f6glichkeiten werden wir Sie in dieser Datenschutzerkl\u00e4rung informiert.<\/p>\n<p>&nbsp;<\/p>\n<p>&nbsp;<\/p>\n<p>&nbsp;<\/p>\n<h1><span style=\"color: #999999;\"><strong>2. Allgemeine Hinweise und Pflichtinformationen<\/strong><\/span><\/h1>\n<p>&nbsp;<\/p>\n<h2><span style=\"color: #808080;\"><strong>Datenschutz<\/strong><\/span><\/h2>\n<p>Wir nehmen den Schutz Ihrer pers\u00f6nlichen Daten sehr ernst. Wir behandeln Ihre personenbezogenen Daten vertraulich und entsprechend der gesetzlichen Datenschutzvorschriften sowie dieser Datenschutzerkl\u00e4rung.<br \/>\nWenn Sie diese Website benutzen, werden verschiedene personenbezogene<br \/>\nDaten erhoben. Personenbezogene Daten sind Daten, mit denen Sie pers\u00f6nlich identifiziert werden k\u00f6nnen. Die vorliegende Datenschutzerkl\u00e4rung erl\u00e4utert, welche Daten wir erheben und wof\u00fcr wir sie nutzen. Sie erl\u00e4utert auch, wie und zu welchem Zweck das geschieht.<br \/>\nWir weisen darauf hin, dass die Daten\u00fcbertragung im Internet (z.B. bei der<br \/>\nKommunikation per E-Mail) Sicherheitsl\u00fccken aufweisen kann. Ein l\u00fcckenloser<br \/>\nSchutz der Daten vor dem Zugriff durch Dritte ist nicht m\u00f6glich.<\/p>\n<p>&nbsp;<\/p>\n<h2><span style=\"color: #808080;\"><strong>Hinweis zur verantwortlichen Stelle<\/strong><\/span><\/h2>\n<p>Die verantwortliche Stelle f\u00fcr die Datenverarbeitung auf dieser Website ist:<br \/>\nSAVE-YOUR-LIFE ist eine Initiative<br \/>\ndes CCC Castro Combat Club<br \/>\nc\/o Javier Castro<\/p>\n<p>Paderwall 9-11<br \/>\n33102 Paderborn<\/p>\n<p>Kontakt via Email:<br \/>\ninfo@SAVE-YOUR-LIFE.com<br \/>\nFon +49 172 56 22 111<\/p>\n<p>&nbsp;<\/p>\n<h2><span style=\"color: #808080;\"><strong>Widerruf Ihrer Einwilligung zur Datenverarbeitung<\/strong><\/span><\/h2>\n<p>Viele Datenverarbeitungsvorg\u00e4nge sind nur mit Ihrer ausdr\u00fccklichen Einwilligung m\u00f6glich. Sie k\u00f6nnen eine bereits erteilte Einwilligung jederzeit widerrufen. Dazu reicht eine formlose Mitteilung per E-Mail an uns. Die Rechtm\u00e4\u00dfigkeit der bis zum Widerruf erfolgten Datenverarbeitung bleibt vom Widerruf unber\u00fchrt. Beschwerderecht bei der zust\u00e4ndigen<br \/>\nAufsichtsbeh\u00f6rde Im Falle datenschutzrechtlicher Verst\u00f6\u00dfe steht dem Betroffenen ein Beschwerderecht bei der zust\u00e4ndigen Aufsichtsbeh\u00f6rde zu. Zust\u00e4ndige Aufsichtsbeh\u00f6rde in datenschutzrechtlichen Fragen ist der<br \/>\nLandesdatenschutzbeauftragte des Bundeslandes, in dem unser Unternehmen seinen Sitz hat. Eine Liste der Datenschutzbeauftragten sowie deren&nbsp; Kontaktdaten k\u00f6nnen folgendem Link entnommen werden:<\/p>\n<p><span style=\"color: #ff0000;\"><a style=\"color: #ff0000;\" href=\"https:\/\/www.bfdi.bund.de\/DE\/Infothek\/Anschriften_Links\/anschriften_links-node.html\">https:\/\/www.bfdi.bund.de\/DE\/Infothek\/Anschriften_Links\/anschriften_links-node.html<\/a><\/span><\/p>\n<p>&nbsp;<\/p>\n<h2><strong><span style=\"color: #808080;\">Recht auf Daten\u00fcbertragbarkeit<\/span><\/strong><\/h2>\n<p>Sie haben das Recht, Daten, die wir auf Grundlage Ihrer Einwilligung oder in<br \/>\nErf\u00fcllung eines Vertrags automatisiert verarbeiten, an sich oder an einen Dritten in einem g\u00e4ngigen, maschinenlesbaren Format aush\u00e4ndigen zu lassen. Sofern Sie die direkte \u00dcbertragung der Daten an einen anderen Verantwortlichen verlangen, erfolgt dies nur, soweit es technisch machbar ist.<br \/>\nSSL- bzw. TLS-Verschl\u00fcsselung Diese Seite nutzt aus Sicherheitsgr\u00fcnden und zum Schutz der \u00dcbertragung vertraulicher Inhalte, wie zum Beispiel Bestellungen oder Anfragen, die Sie an uns als Seitenbetreiber senden, eine SSL-bzw. TLS-Verschl\u00fcsselung. Eine verschl\u00fcsselte Verbindung erkennen Sie daran, dass die Adresszeile des Browsers von \u201chttp:\/\/\u201d auf \u201chttps:\/\/\u201d wechselt und an dem Schloss-Symbol in Ihrer Browserzeile.<br \/>\nWenn die SSL- bzw. TLS-Verschl\u00fcsselung aktiviert ist, k\u00f6nnen die Daten, die Sie an uns \u00fcbermitteln, nicht von Dritten mitgelesen werden.<\/p>\n<p>&nbsp;<\/p>\n<h2><strong><span style=\"color: #808080;\">SSL- bzw. TLS-Verschl\u00fcsselung<\/span><\/strong><\/h2>\n<p>Diese Seite nutzt aus Sicherheitsgr\u00fcnden und zum Schutz der \u00dcbertragung<br \/>\nvertraulicher Inhalte, wie zum Beispiel Bestellungen oder Anfragen, die Sie an<br \/>\nuns als Seitenbetreiber senden, eine SSL-bzw. TLS-Verschl\u00fcsselung. Eine<br \/>\nverschl\u00fcsselte Verbindung erkennen Sie daran, dass die Adresszeile des<br \/>\nBrowsers von \u201chttp:\/\/\u201d auf \u201chttps:\/\/\u201d wechselt und an dem Schloss-Symbol in Ihrer Browserzeile. Wenn die SSL- bzw. TLS-Verschl\u00fcsselung aktiviert ist, k\u00f6nnen die Daten, die Sie an uns \u00fcbermitteln, nicht von Dritten mitgelesen werden.<\/p>\n<h2><span style=\"color: #808080;\"><strong>Auskunft, Sperrung, L\u00f6schung<\/strong><\/span><\/h2>\n<p>Sie haben im Rahmen der geltenden gesetzlichen Bestimmungen jederzeit das Recht auf unentgeltliche Auskunft \u00fcber Ihre gespeicherten personenbezogenen Daten, deren Herkunft und Empf\u00e4nger und den Zweck der Datenverarbeitung und ggf. ein Recht auf Berichtigung, Sperrung oder L\u00f6schung dieser Daten. Hierzu sowie zu weiteren Fragen zum Thema personenbezogene Daten k\u00f6nnen Sie sich jederzeit unter der im Impressum angegebenen Adresse an uns wenden.<\/p>\n<p>&nbsp;<\/p>\n<h2><strong><span style=\"color: #808080;\">Widerspruch gegen Werbe-Mails<\/span><\/strong><\/h2>\n<p>Der Nutzung von im Rahmen der Impressumspflicht ver\u00f6ffentlichten<br \/>\nKontaktdaten zur \u00dcbersendung von nicht ausdr\u00fccklich angeforderter Werbung und Informationsmaterialien wird hiermit widersprochen. Wir behalten uns ausdr\u00fccklich rechtliche Schritte im Falle der unverlangten Zusendung von Werbeinformationen, etwa durch Spam-E-Mails, vor.<\/p>\n<p>&nbsp;<\/p>\n<h1><span style=\"color: #999999;\"><strong>3. Datenerfassung auf unserer Website<\/strong><\/span><\/h1>\n<p>&nbsp;<\/p>\n<h2><strong><span style=\"color: #808080;\">Cookies<\/span><\/strong><\/h2>\n<p>Die Internetseiten verwenden teilweise so genannte Cookies. Cookies richten auf Ihrem Rechner keinen Schaden an und enthalten keine Viren. Cookies dienen dazu, unser Angebot nutzerfreundlicher, effektiver und sicherer zu machen. Cookies sind kleine Textdateien, die auf Ihrem Rechner abgelegt werden und die Ihr Browser speichert. Die meisten der von uns verwendeten Cookies sind so genannte \u201cSessionCookies\u201d. Sie werden nach Ende Ihres Besuchs automatisch gel\u00f6scht. Andere Cookies bleiben auf Ihrem Endger\u00e4t gespeichert bis Sie diese l\u00f6schen. Diese Cookies erm\u00f6glichen es uns, Ihren Browser beim n\u00e4chsten Besuch wiederzuerkennen.<br \/>\nSie k\u00f6nnen Ihren Browser so einstellen, dass Sie \u00fcber das Setzen von Cookies<br \/>\ninformiert werden und Cookies nur im Einzelfall erlauben, die Annahme von Cookies f\u00fcr bestimmte F\u00e4lle oder generell ausschlie\u00dfen sowie das automatische L\u00f6schen der Cookies beim Schlie\u00dfen des Browser aktivieren. Bei der Deaktivierung von Cookies kann die Funktionalit\u00e4t dieser Website eingeschr\u00e4nkt sein.<br \/>\nCookies, die zur Durchf\u00fchrung des elektronischen Kommunikationsvorgangs<br \/>\noder zur Bereitstellung bestimmter, von Ihnen erw\u00fcnschter Funktionen (z.B.<br \/>\nWarenkorbfunktion) erforderlich sind, werden auf Grundlage von Art. 6 Abs. 1 lit. f DSGVO gespeichert. Der Websitebetreiber hat ein berechtigtes Interesse an der Speicherung von Cookies zur technisch fehlerfreien und optimierten<br \/>\nBereitstellung seiner Dienste. Soweit andere Cookies (z.B. Cookies zur Analyse Ihres Surfverhaltens) gespeichert werden, werden diese in dieser<br \/>\nDatenschutzerkl\u00e4rung gesondert behandelt.<\/p>\n<p>&nbsp;<\/p>\n<p>Server-Log-Dateien<br \/>\nDer Provider der Seiten erhebt und speichert automatisch Informationen in so<br \/>\ngenannten Server-Log-Dateien, die Ihr Browser automatisch an uns \u00fcbermittelt.<br \/>\nDies sind:<\/p>\n<ul>\n<li>&nbsp;Browsertyp und Browserversion<\/li>\n<li>&nbsp;verwendetes Betriebssystem<\/li>\n<li>Referrer URL<\/li>\n<li>Hostname des zugreifenden Rechners<\/li>\n<li>Uhrzeit der Serveranfrage<\/li>\n<li>IP-Adresse<\/li>\n<\/ul>\n<p>Eine Zusammenf\u00fchrung dieser Daten mit anderen Datenquellen wird nicht<br \/>\nvorgenommen. Grundlage f\u00fcr die Datenverarbeitung ist Art. 6 Abs. 1 lit. b DSGVO, der die Verarbeitung von Daten zur Erf\u00fcllung eines Vertrags oder vorvertraglicher Ma\u00dfnahmen gestattet.<\/p>\n<p>&nbsp;<\/p>\n<h2><strong>Kontaktformular<\/strong><\/h2>\n<p>Wenn Sie uns per Kontaktformular Anfragen zukommen lassen, werden Ihre<br \/>\nAngaben aus dem Anfrageformular inklusive der von Ihnen dort angegebenen<br \/>\nKontaktdaten zwecks Bearbeitung der Anfrage und f\u00fcr den Fall von<br \/>\nAnschlussfragen bei uns gespeichert. Diese Daten geben wir nicht ohne Ihre<br \/>\nEinwilligung weiter. Die Verarbeitung der in das Kontaktformular eingegebenen Daten erfolgt somit ausschlie\u00dflich auf Grundlage Ihrer Einwilligung (Art. 6 Abs. 1 lit. a DSGVO). Sie k\u00f6nnen diese Einwilligung jederzeit widerrufen. Dazu reicht eine formlose Mitteilung per E-Mail an uns. Die Rechtm\u00e4\u00dfigkeit der bis zum Widerruf erfolgten<br \/>\nDatenverarbeitungsvorg\u00e4nge bleibt vom Widerruf unber\u00fchrt.<br \/>\nDie von Ihnen im Kontaktformular eingegebenen Daten verbleiben bei uns, bis<br \/>\nSie uns zur L\u00f6schung auffordern, Ihre Einwilligung zur Speicherung widerrufen<br \/>\noder der Zweck f\u00fcr die Datenspeicherung entf\u00e4llt (z.B. nach abgeschlossener<br \/>\nBearbeitung Ihrer Anfrage). Zwingende gesetzliche Bestimmungen \u2013<br \/>\ninsbesondere Aufbewahrungsfristen \u2013 bleiben unber\u00fchrt.<\/p>\n<p>&nbsp;<\/p>\n<p>&nbsp;<\/p>\n<h2><strong>Kommentarfunktion auf dieser Website<\/strong><\/h2>\n<p>F\u00fcr die Kommentarfunktion auf dieser Seite werden neben Ihrem Kommentar<br \/>\nauch Angaben zum Zeitpunkt der Erstellung des Kommentars, Ihre E-MailAdresse und, wenn Sie nicht anonym posten, der von Ihnen gew\u00e4hlte<br \/>\nNutzername gespeichert.<\/p>\n<p>&nbsp;<\/p>\n<p><strong>Speicherung der IP-Adresse<\/strong><br \/>\nUnsere Kommentarfunktion speichert die IP-Adressen der Nutzer, die<br \/>\nKommentare verfassen. Da wir Kommentare auf unserer Seite nicht vor der<br \/>\nFreischaltung pr\u00fcfen, ben\u00f6tigen wir diese Daten, um im Falle von<br \/>\nRechtsverletzungen wie Beleidigungen oder Propaganda gegen den Verfasser vorgehen zu k\u00f6nnen.<\/p>\n<p><strong>Abonnieren von Kommentaren<\/strong><br \/>\nAls Nutzer der Seite k\u00f6nnen Sie nach einer Anmeldung Kommentare abonnieren.<br \/>\nSie erhalten eine Best\u00e4tigungsemail, um zu pr\u00fcfen, ob Sie der Inhaber der<br \/>\nangegebenen E-Mail-Adresse sind. Sie k\u00f6nnen diese Funktion jederzeit \u00fcber<br \/>\neinen Link in den Info-Mails abbestellen. Die im Rahmen des Abonnierens von<br \/>\nKommentaren eingegebenen Daten werden in diesem Fall gel\u00f6scht; wenn Sie&nbsp;diese Daten f\u00fcr andere Zwecke und an anderer Stelle (z.B. Newsletterbestellung) an uns \u00fcbermittelt haben, verbleiben die jedoch bei uns.&nbsp;<\/p>\n<p><strong>Speicherdauer der Kommentare<\/strong><br \/>\nDie Kommentare und die damit verbundenen Daten (z.B. IP-Adresse) werden<br \/>\ngespeichert und verbleiben auf unserer Website, bis der kommentierte Inhalt<br \/>\nvollst\u00e4ndig gel\u00f6scht wurde oder die Kommentare aus rechtlichen Gr\u00fcnden<br \/>\ngel\u00f6scht werden m\u00fcssen (z.B. beleidigende Kommentare).<\/p>\n<p><strong>Rechtsgrundlage<\/strong><br \/>\nDie Speicherung der Kommentare erfolgt auf Grundlage Ihrer Einwilligung (Art. 6<br \/>\nAbs. 1 lit. a DSGVO). Sie k\u00f6nnen eine von Ihnen erteilte Einwilligung jederzeit<br \/>\nwiderrufen. Dazu reicht eine formlose Mitteilung per E-Mail an uns. Die<br \/>\nRechtm\u00e4\u00dfigkeit der bereits erfolgten Datenverarbeitungsvorg\u00e4nge bleibt vom<br \/>\nWiderruf unber\u00fchrt.<\/p>\n<p>&nbsp;<\/p>\n<p>&nbsp;<\/p>\n<h2><strong>Verarbeiten von Daten (Kunden- und Vertragsdaten)<\/strong><\/h2>\n<p>Wir erheben, verarbeiten und nutzen personenbezogene Daten nur, soweit sie<br \/>\nf\u00fcr die Begr\u00fcndung, inhaltliche Ausgestaltung oder \u00c4nderung des<br \/>\nRechtsverh\u00e4ltnisses erforderlich sind (Bestandsdaten). Dies erfolgt auf<br \/>\nGrundlage von Art. 6 Abs. 1 lit. b DSGVO, der die Verarbeitung von Daten zur<br \/>\nErf\u00fcllung eines Vertrags oder vorvertraglicher Ma\u00dfnahmen gestattet.<br \/>\nPersonenbezogene Daten \u00fcber die Inanspruchnahme unserer Internetseiten<br \/>\n(Nutzungsdaten) erheben, verarbeiten und nutzen wir nur, soweit dies<br \/>\nerforderlich ist, um dem Nutzer die Inanspruchnahme des Dienstes zu<br \/>\nerm\u00f6glichen oder abzurechnen. Die erhobenen Kundendaten werden nach Abschluss des Auftrags oder Beendigung der Gesch\u00e4ftsbeziehung gel\u00f6scht. Gesetzliche Aufbewahrungsfristen bleiben unber\u00fchrt.<\/p>\n<p>&nbsp;<\/p>\n<p>&nbsp;<\/p>\n<h1><span style=\"color: #999999;\"><strong>4. Soziale Medien<\/strong><\/span><\/h1>\n<p>Wir nutzen auf unserer Homepage keine Plugins f\u00fcr soziale Medien wie&nbsp;wie Facebook, Twitter oder Google+. Alle vorhandenen Buttons sind von kostenlosen Themes von WordPress bereitgestellt, verlinken aber nicht zu uns erstellten Accounts. Userdaten werden von uns nicht an soziale Medien weitergeleitet. Au\u00dferdem besitzt der&nbsp;CCC Castro Combat Club keine Accounts in sozialen Medien. Alle Inhalte die dort eventuell erstellt werden, wurden und werden ohne unsere Zustimmung erstellt. Wir behalten uns in diesen F\u00e4llen vor, rechtliche Schritte gegen die Ersteller dieser Inhalte bei Verletzung der Datenschutzpflicht einzuleiten.<\/p>\n<p>&nbsp;<\/p>\n<h1><span style=\"color: #999999;\"><strong>5. Bildrechte<\/strong><\/span><\/h1>\n<p><span style=\"color: #000000;\">Bei der Anmeldung zum Training hat jeder Sch\u00fcler eine Datenschutzerkl\u00e4rung unterschrieben, auf der er die Verwendung von Bildmaterial zustimmen oder widersprechen kann. Auf dieser Homepage werden ausschlie\u00dflich selbsterstellte Bilder verwendet, alle Personen auf den Bildern wurden vor Ver\u00f6ffentlichung noch einmal m\u00fcndlich um Erlaubnis gefragt.<\/span><\/p>\n<p>Die L\u00f6schung von Bildern kann jederzeit beantragt werden und wird von uns zeitnah erledigt. Zur L\u00f6schung eines Bildes gen\u00fcgt eine E-Mail an:&nbsp;<\/p>\n<p>info@SAVE-YOUR-LIFE.com<\/p>\n<p>&nbsp;<\/p>\n<h1><strong><span style=\"color: #999999;\">6. Analyse Tools und Werbung<\/span><\/strong><\/h1>\n<p>&nbsp;<\/p>\n<h2><span style=\"color: #808080;\"><strong>Google Analytics<\/strong><\/span><\/h2>\n<p>Diese Website nutzt Funktionen des Webanalysedienstes Google Analytics.<br \/>\nAnbieter ist die Google Inc., 1600 Amphitheatre Parkway Mountain View, CA<br \/>\n94043, USA. Google Analytics verwendet so genannte \u201cCookies\u201d. Das sind Textdateien, die auf Ihrem Computer gespeichert werden und die eine Analyse der Benutzung der Website durch Sie erm\u00f6glichen. Die durch den Cookie erzeugten Informationen \u00fcber Ihre Benutzung dieser Website werden in der Regel an einen Server von Google in den USA \u00fcbertragen und dort gespeichert. IP-Anonymisierung Wir haben auf dieser Webseite die Funktion IP-Anonymisierung aktiviert. Dadurch wird Ihre IP-Adresse von Google innerhalb von Mitgliedstaaten der Europ\u00e4ischen Union oder in anderen Vertragsstaaten des Abkommens \u00fcber den Europ\u00e4ischen Wirtschaftsraum vor der \u00dcbermittlung in die USA gek\u00fcrzt. Nur in Ausnahmef\u00e4llen wird die volle IP-Adresse an einen Server von Google in den USA&nbsp;\u00fcbertragen und dort gek\u00fcrzt. Im Auftrag des Betreibers dieser Website wird<br \/>\nGoogle diese Informationen benutzen, um Ihre Nutzung der Website<br \/>\nauszuwerten, um Reports \u00fcber die Websiteaktivit\u00e4ten zusammenzustellen und um weitere mit der Websitenutzung und der Internetnutzung verbundene<br \/>\nDienstleistungen gegen\u00fcber dem Websitebetreiber zu erbringen. Die im Rahmen von Google Analytics von Ihrem Browser \u00fcbermittelte IP- Adresse wird nicht mit anderen Daten von Google zusammengef\u00fchrt.<\/p>\n<p>&nbsp;<\/p>\n<p>&nbsp;<\/p>\n<h2><span style=\"color: #808080;\"><strong>Browser-Plug-in<\/strong><\/span><\/h2>\n<p>Sie k\u00f6nnen die Speicherung der Cookies durch eine entsprechende Einstellung Ihrer Browser-Software verhindern; wir weisen Sie jedoch darauf hin, dass Sie in diesem Fall gegebenenfalls nicht s\u00e4mtliche Funktionen dieser Website vollumf\u00e4nglich werden nutzen k\u00f6nnen. Sie k\u00f6nnen dar\u00fcber hinaus die Erfassung der durch den Cookie erzeugten und auf Ihre Nutzung der Website bezogenen Daten (inkl. Ihrer IP-Adresse) an Google sowie die Verarbeitung dieser Daten durch Google verhindern, indem Sie das unter dem folgenden Link verf\u00fcgbare Browser-Plugin herunterladen und installieren:<br \/>\n<span style=\"color: #ff0000;\"><a style=\"color: #ff0000;\" href=\"http:\/\/tools.google.com\/dlpage\/gaoptout?hl=de\">http:\/\/tools.google.com\/dlpage\/gaoptout?hl=de<\/a><\/span><\/p>\n<p>&nbsp;<\/p>\n<h2><strong><span style=\"color: #808080;\">Widerspruch gegen Datenerfassung<\/span><\/strong><\/h2>\n<p>Sie k\u00f6nnen die Erfassung Ihrer Daten durch Google Analytics verhindern, indem Sie auf folgenden Link klicken. Es wird ein Opt-Out-Cookie gesetzt, der die Erfassung Ihrer Daten bei zuk\u00fcnftigen Besuchen dieser Website verhindert:<\/p>\n<p>Google Analytics deaktivieren<br \/>\nMehr Informationen zum Umgang mit Nutzerdaten bei Google Analytics finden<br \/>\nSie in der Datenschutzerkl\u00e4rung von Google:<br \/>\n<span style=\"color: #ff0000;\"><a style=\"color: #ff0000;\" href=\"https:\/\/support.google.com\/analytics\/answer\/6004245?hl=de\">https:\/\/support.google.com\/analytics\/answer\/6004245?hl=de<\/a><\/span><\/p>\n<p>&nbsp;<\/p>\n<h2><span style=\"color: #808080;\"><strong>Auftragsdatenverarbeitung<\/strong><\/span><\/h2>\n<p>Wir haben mit Google einen Vertrag zur Auftragsdatenverarbeitung<br \/>\nabgeschlossen und setzen die strengen Vorgaben der deutschen<br \/>\nDatenschutzbeh\u00f6rden bei der Nutzung von Google Analytics vollst\u00e4ndig um.<br \/>\nDemografische Merkmale bei Google Analytics<br \/>\nDiese Website nutzt die Funktion \u201cdemografische Merkmale\u201d von Google<br \/>\nAnalytics. Dadurch k\u00f6nnen Berichte erstellt werden, die Aussagen zu Alter,<br \/>\nGeschlecht und Interessen der Seitenbesucher enthalten. Diese Daten stammen aus interessenbezogener Werbung von Google sowie aus Besucherdaten von Drittanbietern. Diese Daten k\u00f6nnen keiner bestimmten Person zugeordnet werden. Sie k\u00f6nnen diese Funktion jederzeit \u00fcber die Anzeigeneinstellungen in Ihrem Google-Konto deaktivieren oder die Erfassung Ihrer Daten durch Google Analytics wie im Punkt \u201cWiderspruch gegen Datenerfassung\u201d dargestellt generell untersagen.<\/p>","protected":false},"excerpt":{"rendered":"<p>Hello, due to technical reasons we do not have any translation. We are working hard to change this situation. Datenschutzerkl\u00e4rung Daten werden auf dieser Website ausschlie\u00dflich im Rahmen der Bestimmungen des Datenschutzrechts der Bundesrepublik Deutschland erhoben und verwendet.&nbsp; Die Art, der Umfang, Zweck und Verwendung dieser personenbezogenen Daten wird Ihnen im Folgenden mitgeteilt. Diese Unterrichtung &hellip; <\/p>\n<p class=\"link-more\"><a href=\"https:\/\/save-your-life.com\/es\/datenschutz\" class=\"more-link\">Continuar leyendo<span class=\"screen-reader-text\"> \u00abIntimidad\u00bb<\/span><\/a><\/p>\n","protected":false},"author":1,"featured_media":0,"parent":0,"menu_order":0,"comment_status":"closed","ping_status":"closed","template":"","meta":{"ngg_post_thumbnail":0},"_links":{"self":[{"href":"https:\/\/save-your-life.com\/es\/wp-json\/wp\/v2\/pages\/186"}],"collection":[{"href":"https:\/\/save-your-life.com\/es\/wp-json\/wp\/v2\/pages"}],"about":[{"href":"https:\/\/save-your-life.com\/es\/wp-json\/wp\/v2\/types\/page"}],"author":[{"embeddable":true,"href":"https:\/\/save-your-life.com\/es\/wp-json\/wp\/v2\/users\/1"}],"replies":[{"embeddable":true,"href":"https:\/\/save-your-life.com\/es\/wp-json\/wp\/v2\/comments?post=186"}],"version-history":[{"count":8,"href":"https:\/\/save-your-life.com\/es\/wp-json\/wp\/v2\/pages\/186\/revisions"}],"predecessor-version":[{"id":194,"href":"https:\/\/save-your-life.com\/es\/wp-json\/wp\/v2\/pages\/186\/revisions\/194"}],"wp:attachment":[{"href":"https:\/\/save-your-life.com\/es\/wp-json\/wp\/v2\/media?parent=186"}],"curies":[{"name":"wp","href":"https:\/\/api.w.org\/{rel}","templated":true}]}}